{"id":2,"date":"2022-04-24T11:16:02","date_gmt":"2022-04-24T09:16:02","guid":{"rendered":"https:\/\/www.geschichte-haag.at\/?page_id=2"},"modified":"2022-07-03T20:14:02","modified_gmt":"2022-07-03T18:14:02","slug":"beispiel-seite","status":"publish","type":"page","link":"https:\/\/www.geschichte-haag.at\/index.php\/beispiel-seite\/","title":{"rendered":"Der Verein stellt sich vor"},"content":{"rendered":"\n<p>Unsere sch\u00f6ne Stadt ist reich an Kultur, Traditionen, aber vor allem an langer Geschichte:<br>Der Name Haag stammt von dem altdeutschen Wort <code><em>hag<\/em><\/code>, welches so viel bedeutet wie umfriedete Schutzst\u00e4tte, eine Schutzst\u00e4tte inmitten der V\u00f6lkerwanderung. Im Jahr 1032 erfolgte die erstmalige Erw\u00e4hnung des Ortsnamens Haag in der urkundlichen Nennung zur Kirchenweihe. Die Marktrechte wurden 1464 von Kaiser Friedrich III. verliehen, 1932 kam es zur Stadterhebung (um nur einige Daten zu nennen).<br>Dieses Wissen rund um unsere Geschichte und Kultur soll jetzt gesammelt, aufbereitet und archiviert werden, um es in Ausstellungen und vielleicht zuk\u00fcnftig in einem kleinen Museum f\u00fcr jeden sichtbar zu machen. Damit soll unser Geschichtsbewusstsein in der Stadt gest\u00e4rkt werden und f\u00fcr die n\u00e4chsten Generationen erhalten bleiben.<br>Zu diesem Zweck wurde 2020 der Verein f\u00fcr die Geschichte von Stadt Haag gegr\u00fcndet. Im Vorstand dieses Vereins sind u.a. Babette Hengst (Obfrau), Johann Pieringer (Obfrau-Stv.), Bernhard Teichmann (Kassier).<\/p>\n\n\n\n<p>Wenn auch Sie uns bei diesem Vorhaben unterst\u00fctzen m\u00f6chten, k\u00f6nnen Sie das gerne als aktives<br>Mitglied im Verein (Mitgliedsbeitrag: 20\u20ac\/Jahr) oder indem Sie uns einfach eine Spende zukommen lassen. (N\u00e4here Informationen unter <a href=\"https:\/\/www.geschichte-haag.at\/index.php\/kontakt\/\" data-type=\"page\" data-id=\"43\">Kontakt<\/a>)<\/p>\n\n\n\n<p>Auch \u00fcber Materialien wie zum Beispiel Bilder oder Dokumente in Form einer Leihgabe oder<br>Geschenk f\u00fcr den Verein w\u00fcrden wir uns sehr freuen.<\/p>\n\n\n\n<p>Uns ist klar, dass wir vor einer gro\u00dfen Herausforderung stehen und es wahrscheinlich nicht m\u00f6glich sein wird, alles auf einmal aufzuarbeiten. Deshalb hat der Verein bei der letzten Sitzung beschlossen mit dem ersten Themenbereich \u201eDie Theatergeschichte in Haag\u201c zu starten. Die erste mit Plakat belegte Auff\u00fchrung stammt aus dem Jahr 1919, \u201eDer Verschwender\u201c von Ferdinand Raimund. Jetzt soll die gesamte Theatergeschichte von den Anf\u00e4ngen bis heute mit vereinten Kr\u00e4ften aufgerollt werden.<\/p>\n\n\n\n<p><br><\/p>\n\n\n\n<p><\/p>\n","protected":false},"excerpt":{"rendered":"<p>Unsere sch\u00f6ne Stadt ist reich an Kultur, Traditionen, aber vor allem an langer Geschichte:Der Name Haag stammt von dem altdeutschen Wort hag, welches so viel &hellip;<\/p>\n","protected":false},"author":1,"featured_media":35,"parent":0,"menu_order":0,"comment_status":"closed","ping_status":"open","template":"","meta":{"footnotes":""},"class_list":["post-2","page","type-page","status-publish","has-post-thumbnail","hentry"],"_links":{"self":[{"href":"https:\/\/www.geschichte-haag.at\/index.php\/wp-json\/wp\/v2\/pages\/2","targetHints":{"allow":["GET"]}}],"collection":[{"href":"https:\/\/www.geschichte-haag.at\/index.php\/wp-json\/wp\/v2\/pages"}],"about":[{"href":"https:\/\/www.geschichte-haag.at\/index.php\/wp-json\/wp\/v2\/types\/page"}],"author":[{"embeddable":true,"href":"https:\/\/www.geschichte-haag.at\/index.php\/wp-json\/wp\/v2\/users\/1"}],"replies":[{"embeddable":true,"href":"https:\/\/www.geschichte-haag.at\/index.php\/wp-json\/wp\/v2\/comments?post=2"}],"version-history":[{"count":5,"href":"https:\/\/www.geschichte-haag.at\/index.php\/wp-json\/wp\/v2\/pages\/2\/revisions"}],"predecessor-version":[{"id":63,"href":"https:\/\/www.geschichte-haag.at\/index.php\/wp-json\/wp\/v2\/pages\/2\/revisions\/63"}],"wp:featuredmedia":[{"embeddable":true,"href":"https:\/\/www.geschichte-haag.at\/index.php\/wp-json\/wp\/v2\/media\/35"}],"wp:attachment":[{"href":"https:\/\/www.geschichte-haag.at\/index.php\/wp-json\/wp\/v2\/media?parent=2"}],"curies":[{"name":"wp","href":"https:\/\/api.w.org\/{rel}","templated":true}]}}